{"id":14,"date":"2026-01-07T13:22:19","date_gmt":"2026-01-07T13:22:19","guid":{"rendered":"https:\/\/gozo-tokigotzone.rkinformatika.online\/?page_id=14"},"modified":"2026-01-28T11:21:13","modified_gmt":"2026-01-28T11:21:13","slug":"productos","status":"publish","type":"page","link":"https:\/\/gozo-tokigotzone.com\/eu\/productos\/","title":{"rendered":"Produktuak"},"content":{"rendered":"<div data-elementor-type=\"wp-page\" data-elementor-id=\"14\" class=\"elementor elementor-14\" data-elementor-post-type=\"page\">\n\t\t\t\t<div class=\"elementor-element elementor-element-6026cc5 e-flex e-con-boxed e-con e-parent\" data-id=\"6026cc5\" data-element_type=\"container\" data-e-type=\"container\" data-settings=\"{&quot;background_background&quot;:&quot;classic&quot;}\">\n\t\t\t\t\t<div class=\"e-con-inner\">\n\t\t<div class=\"elementor-element elementor-element-8833ce2 e-con-full e-flex elementor-invisible e-con e-child\" data-id=\"8833ce2\" data-element_type=\"container\" data-e-type=\"container\" data-settings=\"{&quot;background_background&quot;:&quot;classic&quot;,&quot;animation&quot;:&quot;rotateInUpLeft&quot;}\">\n\t\t\t\t<div class=\"elementor-element elementor-element-25e011e elementor-invisible elementor-widget elementor-widget-heading\" data-id=\"25e011e\" data-element_type=\"widget\" data-e-type=\"widget\" data-settings=\"{&quot;_animation&quot;:&quot;fadeIn&quot;}\" data-widget_type=\"heading.default\">\n\t\t\t\t\t<h2 class=\"elementor-heading-title elementor-size-default\">Chucher\u00edas<\/h2>\t\t\t\t<\/div>\n\t\t\t\t<\/div>\n\t\t<div class=\"elementor-element elementor-element-5ab5f70 e-con-full e-flex elementor-invisible e-con e-child\" data-id=\"5ab5f70\" data-element_type=\"container\" data-e-type=\"container\" data-settings=\"{&quot;background_background&quot;:&quot;classic&quot;,&quot;animation&quot;:&quot;rotateInUpLeft&quot;}\">\n\t\t\t\t<div class=\"elementor-element elementor-element-a41d4ba elementor-invisible elementor-widget elementor-widget-heading\" data-id=\"a41d4ba\" data-element_type=\"widget\" data-e-type=\"widget\" data-settings=\"{&quot;_animation&quot;:&quot;fadeIn&quot;}\" data-widget_type=\"heading.default\">\n\t\t\t\t\t<h2 class=\"elementor-heading-title elementor-size-default\">Bebidas<\/h2>\t\t\t\t<\/div>\n\t\t\t\t<\/div>\n\t\t<div class=\"elementor-element elementor-element-791e82d e-con-full e-flex elementor-invisible e-con e-child\" data-id=\"791e82d\" data-element_type=\"container\" data-e-type=\"container\" data-settings=\"{&quot;background_background&quot;:&quot;classic&quot;,&quot;animation&quot;:&quot;rotateInUpLeft&quot;}\">\n\t\t\t\t<div class=\"elementor-element elementor-element-23e4de1 elementor-invisible elementor-widget elementor-widget-heading\" data-id=\"23e4de1\" data-element_type=\"widget\" data-e-type=\"widget\" data-settings=\"{&quot;_animation&quot;:&quot;fadeIn&quot;}\" data-widget_type=\"heading.default\">\n\t\t\t\t\t<h2 class=\"elementor-heading-title elementor-size-default\">Refrescos<\/h2>\t\t\t\t<\/div>\n\t\t\t\t<\/div>\n\t\t<div class=\"elementor-element elementor-element-f38179a e-con-full e-flex elementor-invisible e-con e-child\" data-id=\"f38179a\" data-element_type=\"container\" data-e-type=\"container\" data-settings=\"{&quot;background_background&quot;:&quot;classic&quot;,&quot;animation&quot;:&quot;rotateInUpLeft&quot;}\">\n\t\t\t\t<div class=\"elementor-element elementor-element-8af19e9 elementor-invisible elementor-widget elementor-widget-heading\" data-id=\"8af19e9\" data-element_type=\"widget\" data-e-type=\"widget\" data-settings=\"{&quot;_animation&quot;:&quot;fadeIn&quot;}\" data-widget_type=\"heading.default\">\n\t\t\t\t\t<h2 class=\"elementor-heading-title elementor-size-default\">Helados<\/h2>\t\t\t\t<\/div>\n\t\t\t\t<\/div>\n\t\t<div class=\"elementor-element elementor-element-8c574d9 e-con-full e-flex elementor-invisible e-con e-child\" data-id=\"8c574d9\" data-element_type=\"container\" data-e-type=\"container\" data-settings=\"{&quot;background_background&quot;:&quot;classic&quot;,&quot;animation&quot;:&quot;rotateInUpLeft&quot;}\">\n\t\t\t\t<div class=\"elementor-element elementor-element-5c09dbd elementor-invisible elementor-widget elementor-widget-heading\" data-id=\"5c09dbd\" data-element_type=\"widget\" data-e-type=\"widget\" data-settings=\"{&quot;_animation&quot;:&quot;fadeIn&quot;}\" data-widget_type=\"heading.default\">\n\t\t\t\t\t<h2 class=\"elementor-heading-title elementor-size-default\">Productos de droguer\u00eda<\/h2>\t\t\t\t<\/div>\n\t\t\t\t<\/div>\n\t\t<div class=\"elementor-element elementor-element-88ea7a7 e-con-full e-flex elementor-invisible e-con e-child\" data-id=\"88ea7a7\" data-element_type=\"container\" data-e-type=\"container\" data-settings=\"{&quot;background_background&quot;:&quot;classic&quot;,&quot;animation&quot;:&quot;rotateInUpLeft&quot;}\">\n\t\t\t\t<div class=\"elementor-element elementor-element-6e344fe elementor-invisible elementor-widget elementor-widget-heading\" data-id=\"6e344fe\" data-element_type=\"widget\" data-e-type=\"widget\" data-settings=\"{&quot;_animation&quot;:&quot;fadeIn&quot;}\" data-widget_type=\"heading.default\">\n\t\t\t\t\t<h2 class=\"elementor-heading-title elementor-size-default\">Productos de alimentaci\u00f3n<\/h2>\t\t\t\t<\/div>\n\t\t\t\t<\/div>\n\t\t<div class=\"elementor-element elementor-element-6484af7 e-con-full e-flex elementor-invisible e-con e-child\" data-id=\"6484af7\" data-element_type=\"container\" data-e-type=\"container\" data-settings=\"{&quot;background_background&quot;:&quot;classic&quot;,&quot;animation&quot;:&quot;rotateInUpLeft&quot;}\">\n\t\t\t\t<div class=\"elementor-element elementor-element-51a5b6a elementor-invisible elementor-widget elementor-widget-heading\" data-id=\"51a5b6a\" data-element_type=\"widget\" data-e-type=\"widget\" data-settings=\"{&quot;_animation&quot;:&quot;fadeIn&quot;}\" data-widget_type=\"heading.default\">\n\t\t\t\t\t<h2 class=\"elementor-heading-title elementor-size-default\">Productos de limpieza<\/h2>\t\t\t\t<\/div>\n\t\t\t\t<\/div>\n\t\t\t\t<div class=\"elementor-element elementor-element-b2df8c9 elementor-align-center animated-slow elementor-invisible elementor-widget elementor-widget-button\" data-id=\"b2df8c9\" data-element_type=\"widget\" data-e-type=\"widget\" data-settings=\"{&quot;_animation&quot;:&quot;fadeIn&quot;,&quot;_animation_tablet&quot;:&quot;zoomIn&quot;,&quot;_animation_delay&quot;:50}\" data-widget_type=\"button.default\">\n\t\t\t\t\t\t\t\t\t\t<a class=\"elementor-button elementor-button-link elementor-size-sm elementor-animation-float\" href=\"https:\/\/gozo-tokigotzone.com\/eu\/contacto\/\">\n\t\t\t\t\t\t<span class=\"elementor-button-content-wrapper\">\n\t\t\t\t\t\t\t\t\t<span class=\"elementor-button-text\">Kontaktua<\/span>\n\t\t\t\t\t<\/span>\n\t\t\t\t\t<\/a>\n\t\t\t\t\t\t\t\t<\/div>\n\t\t\t\t\t<\/div>\n\t\t\t\t<\/div>\n\t\t\t\t<\/div>","protected":false},"excerpt":{"rendered":"<p>Chucher\u00edas Bebidas Refrescos Helados Productos de droguer\u00eda Productos de alimentaci\u00f3n Productos de limpieza Contacto<\/p>","protected":false},"author":1,"featured_media":0,"parent":0,"menu_order":0,"comment_status":"closed","ping_status":"closed","template":"elementor_canvas","meta":{"footnotes":""},"class_list":["post-14","page","type-page","status-publish","hentry"],"yoast_head":"<!-- This site is optimized with the Yoast SEO plugin v27.4 - https:\/\/yoast.com\/product\/yoast-seo-wordpress\/ -->\n<title>Productos - Gozo-Toki Gotzone<\/title>\n<meta name=\"robots\" content=\"index, follow, max-snippet:-1, max-image-preview:large, max-video-preview:-1\" \/>\n<link rel=\"canonical\" href=\"https:\/\/gozo-tokigotzone.com\/eu\/productos\/\" \/>\n<meta property=\"og:locale\" content=\"en_US\" \/>\n<meta property=\"og:type\" content=\"article\" \/>\n<meta property=\"og:title\" content=\"Productos - Gozo-Toki Gotzone\" \/>\n<meta property=\"og:description\" content=\"Chucher\u00edas Bebidas Refrescos Helados Productos de droguer\u00eda Productos de alimentaci\u00f3n Productos de limpieza Contacto\" \/>\n<meta property=\"og:url\" content=\"https:\/\/gozo-tokigotzone.com\/eu\/productos\/\" \/>\n<meta property=\"og:site_name\" content=\"Gozo-Toki Gotzone\" \/>\n<meta property=\"article:modified_time\" content=\"2026-01-28T11:21:13+00:00\" \/>\n<meta name=\"twitter:card\" content=\"summary_large_image\" \/>\n<meta name=\"twitter:label1\" content=\"Est. reading time\" \/>\n\t<meta name=\"twitter:data1\" content=\"1 minutua\" \/>\n<script type=\"application\/ld+json\" class=\"yoast-schema-graph\">{\"@context\":\"https:\\\/\\\/schema.org\",\"@graph\":[{\"@type\":\"WebPage\",\"@id\":\"https:\\\/\\\/gozo-tokigotzone.com\\\/productos\\\/\",\"url\":\"https:\\\/\\\/gozo-tokigotzone.com\\\/productos\\\/\",\"name\":\"Productos - Gozo-Toki Gotzone\",\"isPartOf\":{\"@id\":\"https:\\\/\\\/gozo-tokigotzone.com\\\/#website\"},\"datePublished\":\"2026-01-07T13:22:19+00:00\",\"dateModified\":\"2026-01-28T11:21:13+00:00\",\"breadcrumb\":{\"@id\":\"https:\\\/\\\/gozo-tokigotzone.com\\\/productos\\\/#breadcrumb\"},\"inLanguage\":\"eu\",\"potentialAction\":[{\"@type\":\"ReadAction\",\"target\":[\"https:\\\/\\\/gozo-tokigotzone.com\\\/productos\\\/\"]}]},{\"@type\":\"BreadcrumbList\",\"@id\":\"https:\\\/\\\/gozo-tokigotzone.com\\\/productos\\\/#breadcrumb\",\"itemListElement\":[{\"@type\":\"ListItem\",\"position\":1,\"name\":\"Portada\",\"item\":\"https:\\\/\\\/gozo-tokigotzone.com\\\/\"},{\"@type\":\"ListItem\",\"position\":2,\"name\":\"Productos\"}]},{\"@type\":\"WebSite\",\"@id\":\"https:\\\/\\\/gozo-tokigotzone.com\\\/#website\",\"url\":\"https:\\\/\\\/gozo-tokigotzone.com\\\/\",\"name\":\"Gozo-Toki Gotzone\",\"description\":\"Tienda de chucher\u00edas \",\"publisher\":{\"@id\":\"https:\\\/\\\/gozo-tokigotzone.com\\\/#organization\"},\"potentialAction\":[{\"@type\":\"SearchAction\",\"target\":{\"@type\":\"EntryPoint\",\"urlTemplate\":\"https:\\\/\\\/gozo-tokigotzone.com\\\/?s={search_term_string}\"},\"query-input\":{\"@type\":\"PropertyValueSpecification\",\"valueRequired\":true,\"valueName\":\"search_term_string\"}}],\"inLanguage\":\"eu\"},{\"@type\":\"Organization\",\"@id\":\"https:\\\/\\\/gozo-tokigotzone.com\\\/#organization\",\"name\":\"Gozo-Toki Gotzone\",\"url\":\"https:\\\/\\\/gozo-tokigotzone.com\\\/\",\"logo\":{\"@type\":\"ImageObject\",\"inLanguage\":\"eu\",\"@id\":\"https:\\\/\\\/gozo-tokigotzone.com\\\/#\\\/schema\\\/logo\\\/image\\\/\",\"url\":\"https:\\\/\\\/gozo-tokigotzone.com\\\/wp-content\\\/uploads\\\/2026\\\/01\\\/cropped-gozotokigotzone202507_logoticket.jpg\",\"contentUrl\":\"https:\\\/\\\/gozo-tokigotzone.com\\\/wp-content\\\/uploads\\\/2026\\\/01\\\/cropped-gozotokigotzone202507_logoticket.jpg\",\"width\":320,\"height\":204,\"caption\":\"Gozo-Toki Gotzone\"},\"image\":{\"@id\":\"https:\\\/\\\/gozo-tokigotzone.com\\\/#\\\/schema\\\/logo\\\/image\\\/\"}}]}<\/script>\n<!-- \/ Yoast SEO plugin. -->","yoast_head_json":{"title":"Productos - Gozo-Toki Gotzone","robots":{"index":"index","follow":"follow","max-snippet":"max-snippet:-1","max-image-preview":"max-image-preview:large","max-video-preview":"max-video-preview:-1"},"canonical":"https:\/\/gozo-tokigotzone.com\/eu\/productos\/","og_locale":"en_US","og_type":"article","og_title":"Productos - Gozo-Toki Gotzone","og_description":"Chucher\u00edas Bebidas Refrescos Helados Productos de droguer\u00eda Productos de alimentaci\u00f3n Productos de limpieza Contacto","og_url":"https:\/\/gozo-tokigotzone.com\/eu\/productos\/","og_site_name":"Gozo-Toki Gotzone","article_modified_time":"2026-01-28T11:21:13+00:00","twitter_card":"summary_large_image","twitter_misc":{"Est. reading time":"1 minutua"},"schema":{"@context":"https:\/\/schema.org","@graph":[{"@type":"WebPage","@id":"https:\/\/gozo-tokigotzone.com\/productos\/","url":"https:\/\/gozo-tokigotzone.com\/productos\/","name":"Productos - Gozo-Toki Gotzone","isPartOf":{"@id":"https:\/\/gozo-tokigotzone.com\/#website"},"datePublished":"2026-01-07T13:22:19+00:00","dateModified":"2026-01-28T11:21:13+00:00","breadcrumb":{"@id":"https:\/\/gozo-tokigotzone.com\/productos\/#breadcrumb"},"inLanguage":"eu","potentialAction":[{"@type":"ReadAction","target":["https:\/\/gozo-tokigotzone.com\/productos\/"]}]},{"@type":"BreadcrumbList","@id":"https:\/\/gozo-tokigotzone.com\/productos\/#breadcrumb","itemListElement":[{"@type":"ListItem","position":1,"name":"Portada","item":"https:\/\/gozo-tokigotzone.com\/"},{"@type":"ListItem","position":2,"name":"Productos"}]},{"@type":"WebSite","@id":"https:\/\/gozo-tokigotzone.com\/#website","url":"https:\/\/gozo-tokigotzone.com\/","name":"Gozo-Toki Gotzone","description":"Tienda de chucher\u00edas","publisher":{"@id":"https:\/\/gozo-tokigotzone.com\/#organization"},"potentialAction":[{"@type":"SearchAction","target":{"@type":"EntryPoint","urlTemplate":"https:\/\/gozo-tokigotzone.com\/?s={search_term_string}"},"query-input":{"@type":"PropertyValueSpecification","valueRequired":true,"valueName":"search_term_string"}}],"inLanguage":"eu"},{"@type":"Organization","@id":"https:\/\/gozo-tokigotzone.com\/#organization","name":"Gozo-Toki Gotzone","url":"https:\/\/gozo-tokigotzone.com\/","logo":{"@type":"ImageObject","inLanguage":"eu","@id":"https:\/\/gozo-tokigotzone.com\/#\/schema\/logo\/image\/","url":"https:\/\/gozo-tokigotzone.com\/wp-content\/uploads\/2026\/01\/cropped-gozotokigotzone202507_logoticket.jpg","contentUrl":"https:\/\/gozo-tokigotzone.com\/wp-content\/uploads\/2026\/01\/cropped-gozotokigotzone202507_logoticket.jpg","width":320,"height":204,"caption":"Gozo-Toki Gotzone"},"image":{"@id":"https:\/\/gozo-tokigotzone.com\/#\/schema\/logo\/image\/"}}]}},"_links":{"self":[{"href":"https:\/\/gozo-tokigotzone.com\/eu\/wp-json\/wp\/v2\/pages\/14","targetHints":{"allow":["GET"]}}],"collection":[{"href":"https:\/\/gozo-tokigotzone.com\/eu\/wp-json\/wp\/v2\/pages"}],"about":[{"href":"https:\/\/gozo-tokigotzone.com\/eu\/wp-json\/wp\/v2\/types\/page"}],"author":[{"embeddable":true,"href":"https:\/\/gozo-tokigotzone.com\/eu\/wp-json\/wp\/v2\/users\/1"}],"replies":[{"embeddable":true,"href":"https:\/\/gozo-tokigotzone.com\/eu\/wp-json\/wp\/v2\/comments?post=14"}],"version-history":[{"count":42,"href":"https:\/\/gozo-tokigotzone.com\/eu\/wp-json\/wp\/v2\/pages\/14\/revisions"}],"predecessor-version":[{"id":227,"href":"https:\/\/gozo-tokigotzone.com\/eu\/wp-json\/wp\/v2\/pages\/14\/revisions\/227"}],"wp:attachment":[{"href":"https:\/\/gozo-tokigotzone.com\/eu\/wp-json\/wp\/v2\/media?parent=14"}],"curies":[{"name":"wp","href":"https:\/\/api.w.org\/{rel}","templated":true}]}}