{"id":9,"date":"2026-01-07T13:20:49","date_gmt":"2026-01-07T13:20:49","guid":{"rendered":"https:\/\/gozo-tokigotzone.rkinformatika.online\/?page_id=9"},"modified":"2026-01-08T13:21:01","modified_gmt":"2026-01-08T13:21:01","slug":"inicio","status":"publish","type":"page","link":"https:\/\/gozo-tokigotzone.com\/eu\/","title":{"rendered":"Hasiera"},"content":{"rendered":"<div data-elementor-type=\"wp-page\" data-elementor-id=\"9\" class=\"elementor elementor-9\" data-elementor-post-type=\"page\">\n\t\t\t\t<div class=\"elementor-element elementor-element-315f6c7 e-flex e-con-boxed e-con e-parent\" data-id=\"315f6c7\" data-element_type=\"container\" data-e-type=\"container\" data-settings=\"{&quot;background_background&quot;:&quot;classic&quot;}\">\n\t\t\t\t\t<div class=\"e-con-inner\">\n\t\t<div class=\"elementor-element elementor-element-536af14 e-con-full e-flex elementor-invisible e-con e-child\" data-id=\"536af14\" data-element_type=\"container\" data-e-type=\"container\" data-settings=\"{&quot;background_background&quot;:&quot;classic&quot;,&quot;animation&quot;:&quot;rotateInUpLeft&quot;}\">\n\t\t\t\t<div class=\"elementor-element elementor-element-9c8a507 elementor-invisible elementor-widget elementor-widget-heading\" data-id=\"9c8a507\" data-element_type=\"widget\" data-e-type=\"widget\" data-settings=\"{&quot;_animation&quot;:&quot;rotateInUpLeft&quot;}\" data-widget_type=\"heading.default\">\n\t\t\t\t\t<h1 class=\"elementor-heading-title elementor-size-default\">Gure historia:<\/h1>\t\t\t\t<\/div>\n\t\t\t\t<div class=\"elementor-element elementor-element-340521f elementor-widget__width-initial elementor-invisible elementor-widget elementor-widget-text-editor\" data-id=\"340521f\" data-element_type=\"widget\" data-e-type=\"widget\" data-settings=\"{&quot;_animation&quot;:&quot;rotateInUpLeft&quot;}\" data-widget_type=\"text-editor.default\">\n\t\t\t\t\t\t\t\t\t<p>Litxarreria denda bat gara, familiaren historia luzea duena. Gure negozioak 1956an ireki zituen ateak, eta, ordutik, belaunaldiz belaunaldi aldatzen joan da, beti ilusio eta konpromiso berari eutsiz gure bezeroekin.<\/p><p>Urteetan zehar, konfiantzazko merkataritza bihurtu gara auzoarentzat, hurbileko leku bat, non handiek eta txikiek tratu atsegina eta familiarra jasotzen duten. Gure lehentasuna beti izan da espazio abegitsua eta zerbitzu hurbila eskaintzea, eguneroko beharretara egokituz, gure esentzia galdu gabe.<\/p><p>Duela hamarkada batzuetatik hona bisitatzen gaituztenen konfiantzari esker, jaiotzen ikusi gintuen espiritu berarekin jarraitzen dugu aurrera, gure historiaz eta gure bezeroen eguneroko bizitzaren parte izateaz harro.<\/p>\t\t\t\t\t\t\t\t<\/div>\n\t\t\t\t<div class=\"elementor-element elementor-element-647dc39 elementor-widget__width-auto elementor-mobile-align-center elementor-widget-mobile__width-inherit elementor-align-justify elementor-invisible elementor-widget elementor-widget-button\" data-id=\"647dc39\" data-element_type=\"widget\" data-e-type=\"widget\" data-settings=\"{&quot;_animation&quot;:&quot;rotateInUpLeft&quot;}\" data-widget_type=\"button.default\">\n\t\t\t\t\t\t\t\t\t\t<a class=\"elementor-button elementor-button-link elementor-size-sm elementor-animation-float\" href=\"https:\/\/gozo-tokigotzone.com\/eu\/servicios\/\">\n\t\t\t\t\t\t<span class=\"elementor-button-content-wrapper\">\n\t\t\t\t\t\t\t\t\t<span class=\"elementor-button-text\">Ikusi produktuak<\/span>\n\t\t\t\t\t<\/span>\n\t\t\t\t\t<\/a>\n\t\t\t\t\t\t\t\t<\/div>\n\t\t\t\t<\/div>\n\t\t\t\t\t<\/div>\n\t\t\t\t<\/div>\n\t\t\t\t<\/div>","protected":false},"excerpt":{"rendered":"<p>Nuestra Historia: Somos una tienda de chucher\u00edas con una larga historia familiar. Nuestro negocio abri\u00f3 sus puertas en el a\u00f1o 1956 y, desde entonces, ha ido pasando de generaci\u00f3n en generaci\u00f3n, manteniendo siempre la misma ilusi\u00f3n y compromiso con nuestros clientes. A lo largo de los a\u00f1os, nos hemos convertido en un comercio de confianza [&hellip;]<\/p>\n","protected":false},"author":1,"featured_media":0,"parent":0,"menu_order":0,"comment_status":"closed","ping_status":"closed","template":"elementor_canvas","meta":{"footnotes":""},"class_list":["post-9","page","type-page","status-publish","hentry"],"yoast_head":"<!-- This site is optimized with the Yoast SEO plugin v27.4 - https:\/\/yoast.com\/product\/yoast-seo-wordpress\/ -->\n<title>Inicio - Gozo-Toki Gotzone<\/title>\n<meta name=\"robots\" content=\"index, follow, max-snippet:-1, max-image-preview:large, max-video-preview:-1\" \/>\n<link rel=\"canonical\" href=\"https:\/\/gozo-tokigotzone.com\/eu\/\" \/>\n<meta property=\"og:locale\" content=\"en_US\" \/>\n<meta property=\"og:type\" content=\"article\" \/>\n<meta property=\"og:title\" content=\"Inicio - Gozo-Toki Gotzone\" \/>\n<meta property=\"og:description\" content=\"Nuestra Historia: Somos una tienda de chucher\u00edas con una larga historia familiar. Nuestro negocio abri\u00f3 sus puertas en el a\u00f1o 1956 y, desde entonces, ha ido pasando de generaci\u00f3n en generaci\u00f3n, manteniendo siempre la misma ilusi\u00f3n y compromiso con nuestros clientes. A lo largo de los a\u00f1os, nos hemos convertido en un comercio de confianza [&hellip;]\" \/>\n<meta property=\"og:url\" content=\"https:\/\/gozo-tokigotzone.com\/eu\/\" \/>\n<meta property=\"og:site_name\" content=\"Gozo-Toki Gotzone\" \/>\n<meta property=\"article:modified_time\" content=\"2026-01-08T13:21:01+00:00\" \/>\n<meta name=\"twitter:card\" content=\"summary_large_image\" \/>\n<meta name=\"twitter:label1\" content=\"Est. reading time\" \/>\n\t<meta name=\"twitter:data1\" content=\"1 minutua\" \/>\n<script type=\"application\/ld+json\" class=\"yoast-schema-graph\">{\"@context\":\"https:\\\/\\\/schema.org\",\"@graph\":[{\"@type\":\"WebPage\",\"@id\":\"https:\\\/\\\/gozo-tokigotzone.com\\\/\",\"url\":\"https:\\\/\\\/gozo-tokigotzone.com\\\/\",\"name\":\"Inicio - Gozo-Toki Gotzone\",\"isPartOf\":{\"@id\":\"https:\\\/\\\/gozo-tokigotzone.com\\\/#website\"},\"datePublished\":\"2026-01-07T13:20:49+00:00\",\"dateModified\":\"2026-01-08T13:21:01+00:00\",\"breadcrumb\":{\"@id\":\"https:\\\/\\\/gozo-tokigotzone.com\\\/#breadcrumb\"},\"inLanguage\":\"eu\",\"potentialAction\":[{\"@type\":\"ReadAction\",\"target\":[\"https:\\\/\\\/gozo-tokigotzone.com\\\/\"]}]},{\"@type\":\"BreadcrumbList\",\"@id\":\"https:\\\/\\\/gozo-tokigotzone.com\\\/#breadcrumb\",\"itemListElement\":[{\"@type\":\"ListItem\",\"position\":1,\"name\":\"Portada\",\"item\":\"https:\\\/\\\/gozo-tokigotzone.com\\\/\"},{\"@type\":\"ListItem\",\"position\":2,\"name\":\"Inicio\"}]},{\"@type\":\"WebSite\",\"@id\":\"https:\\\/\\\/gozo-tokigotzone.com\\\/#website\",\"url\":\"https:\\\/\\\/gozo-tokigotzone.com\\\/\",\"name\":\"Gozo-Toki Gotzone\",\"description\":\"Tienda de chucher\u00edas \",\"publisher\":{\"@id\":\"https:\\\/\\\/gozo-tokigotzone.com\\\/#organization\"},\"potentialAction\":[{\"@type\":\"SearchAction\",\"target\":{\"@type\":\"EntryPoint\",\"urlTemplate\":\"https:\\\/\\\/gozo-tokigotzone.com\\\/?s={search_term_string}\"},\"query-input\":{\"@type\":\"PropertyValueSpecification\",\"valueRequired\":true,\"valueName\":\"search_term_string\"}}],\"inLanguage\":\"eu\"},{\"@type\":\"Organization\",\"@id\":\"https:\\\/\\\/gozo-tokigotzone.com\\\/#organization\",\"name\":\"Gozo-Toki Gotzone\",\"url\":\"https:\\\/\\\/gozo-tokigotzone.com\\\/\",\"logo\":{\"@type\":\"ImageObject\",\"inLanguage\":\"eu\",\"@id\":\"https:\\\/\\\/gozo-tokigotzone.com\\\/#\\\/schema\\\/logo\\\/image\\\/\",\"url\":\"https:\\\/\\\/gozo-tokigotzone.com\\\/wp-content\\\/uploads\\\/2026\\\/01\\\/cropped-gozotokigotzone202507_logoticket.jpg\",\"contentUrl\":\"https:\\\/\\\/gozo-tokigotzone.com\\\/wp-content\\\/uploads\\\/2026\\\/01\\\/cropped-gozotokigotzone202507_logoticket.jpg\",\"width\":320,\"height\":204,\"caption\":\"Gozo-Toki Gotzone\"},\"image\":{\"@id\":\"https:\\\/\\\/gozo-tokigotzone.com\\\/#\\\/schema\\\/logo\\\/image\\\/\"}}]}<\/script>\n<!-- \/ Yoast SEO plugin. -->","yoast_head_json":{"title":"Inicio - Gozo-Toki Gotzone","robots":{"index":"index","follow":"follow","max-snippet":"max-snippet:-1","max-image-preview":"max-image-preview:large","max-video-preview":"max-video-preview:-1"},"canonical":"https:\/\/gozo-tokigotzone.com\/eu\/","og_locale":"en_US","og_type":"article","og_title":"Inicio - Gozo-Toki Gotzone","og_description":"Nuestra Historia: Somos una tienda de chucher\u00edas con una larga historia familiar. Nuestro negocio abri\u00f3 sus puertas en el a\u00f1o 1956 y, desde entonces, ha ido pasando de generaci\u00f3n en generaci\u00f3n, manteniendo siempre la misma ilusi\u00f3n y compromiso con nuestros clientes. A lo largo de los a\u00f1os, nos hemos convertido en un comercio de confianza [&hellip;]","og_url":"https:\/\/gozo-tokigotzone.com\/eu\/","og_site_name":"Gozo-Toki Gotzone","article_modified_time":"2026-01-08T13:21:01+00:00","twitter_card":"summary_large_image","twitter_misc":{"Est. reading time":"1 minutua"},"schema":{"@context":"https:\/\/schema.org","@graph":[{"@type":"WebPage","@id":"https:\/\/gozo-tokigotzone.com\/","url":"https:\/\/gozo-tokigotzone.com\/","name":"Inicio - Gozo-Toki Gotzone","isPartOf":{"@id":"https:\/\/gozo-tokigotzone.com\/#website"},"datePublished":"2026-01-07T13:20:49+00:00","dateModified":"2026-01-08T13:21:01+00:00","breadcrumb":{"@id":"https:\/\/gozo-tokigotzone.com\/#breadcrumb"},"inLanguage":"eu","potentialAction":[{"@type":"ReadAction","target":["https:\/\/gozo-tokigotzone.com\/"]}]},{"@type":"BreadcrumbList","@id":"https:\/\/gozo-tokigotzone.com\/#breadcrumb","itemListElement":[{"@type":"ListItem","position":1,"name":"Portada","item":"https:\/\/gozo-tokigotzone.com\/"},{"@type":"ListItem","position":2,"name":"Inicio"}]},{"@type":"WebSite","@id":"https:\/\/gozo-tokigotzone.com\/#website","url":"https:\/\/gozo-tokigotzone.com\/","name":"Gozo-Toki Gotzone","description":"Tienda de chucher\u00edas","publisher":{"@id":"https:\/\/gozo-tokigotzone.com\/#organization"},"potentialAction":[{"@type":"SearchAction","target":{"@type":"EntryPoint","urlTemplate":"https:\/\/gozo-tokigotzone.com\/?s={search_term_string}"},"query-input":{"@type":"PropertyValueSpecification","valueRequired":true,"valueName":"search_term_string"}}],"inLanguage":"eu"},{"@type":"Organization","@id":"https:\/\/gozo-tokigotzone.com\/#organization","name":"Gozo-Toki Gotzone","url":"https:\/\/gozo-tokigotzone.com\/","logo":{"@type":"ImageObject","inLanguage":"eu","@id":"https:\/\/gozo-tokigotzone.com\/#\/schema\/logo\/image\/","url":"https:\/\/gozo-tokigotzone.com\/wp-content\/uploads\/2026\/01\/cropped-gozotokigotzone202507_logoticket.jpg","contentUrl":"https:\/\/gozo-tokigotzone.com\/wp-content\/uploads\/2026\/01\/cropped-gozotokigotzone202507_logoticket.jpg","width":320,"height":204,"caption":"Gozo-Toki Gotzone"},"image":{"@id":"https:\/\/gozo-tokigotzone.com\/#\/schema\/logo\/image\/"}}]}},"_links":{"self":[{"href":"https:\/\/gozo-tokigotzone.com\/eu\/wp-json\/wp\/v2\/pages\/9","targetHints":{"allow":["GET"]}}],"collection":[{"href":"https:\/\/gozo-tokigotzone.com\/eu\/wp-json\/wp\/v2\/pages"}],"about":[{"href":"https:\/\/gozo-tokigotzone.com\/eu\/wp-json\/wp\/v2\/types\/page"}],"author":[{"embeddable":true,"href":"https:\/\/gozo-tokigotzone.com\/eu\/wp-json\/wp\/v2\/users\/1"}],"replies":[{"embeddable":true,"href":"https:\/\/gozo-tokigotzone.com\/eu\/wp-json\/wp\/v2\/comments?post=9"}],"version-history":[{"count":53,"href":"https:\/\/gozo-tokigotzone.com\/eu\/wp-json\/wp\/v2\/pages\/9\/revisions"}],"predecessor-version":[{"id":169,"href":"https:\/\/gozo-tokigotzone.com\/eu\/wp-json\/wp\/v2\/pages\/9\/revisions\/169"}],"wp:attachment":[{"href":"https:\/\/gozo-tokigotzone.com\/eu\/wp-json\/wp\/v2\/media?parent=9"}],"curies":[{"name":"wp","href":"https:\/\/api.w.org\/{rel}","templated":true}]}}